{"id":735,"date":"2025-02-17T10:13:19","date_gmt":"2025-02-17T09:13:19","guid":{"rendered":"https:\/\/ongiect.org\/?page_id=735"},"modified":"2025-04-25T11:44:50","modified_gmt":"2025-04-25T09:44:50","slug":"gouvernance","status":"publish","type":"page","link":"https:\/\/ongiect.org\/index.php\/gouvernance\/","title":{"rendered":"Gouvernance"},"content":{"rendered":"\t\t<div data-elementor-type=\"wp-page\" data-elementor-id=\"735\" class=\"elementor elementor-735\">\n\t\t\t\t<div class=\"elementor-element elementor-element-1be9e4a e-flex e-con-boxed e-con e-parent\" data-id=\"1be9e4a\" data-element_type=\"container\" data-e-type=\"container\">\n\t\t\t\t\t<div class=\"e-con-inner\">\n\t\t\t\t<div class=\"elementor-element elementor-element-e8d283f elementor-widget elementor-widget-text-editor\" data-id=\"e8d283f\" data-element_type=\"widget\" data-e-type=\"widget\" data-widget_type=\"text-editor.default\">\n\t\t\t\t<div class=\"elementor-widget-container\">\n\t\t\t\t\t\t\t\t\t<p>&nbsp;<br>\n<strong style=\"font-size: 30px;\">ORGANE DE GESTION<\/strong><\/p>\n<p>Trois principaux organes participent \u00e0 la gestion de l\u2019Initiative pour l\u2019Education et le Contr\u00f4le du Tabagisme (IECT). Il s\u2019agit de :<\/p>\n<ul>\n<li>L\u2019Assembl\u00e9e G\u00e9n\u00e9rale (AG)<\/li>\n<li>Le Conseil d\u2019Administration (CA)<\/li>\n<li>Le Bureau Ex\u00e9cutif (BE)<\/li>\n<\/ul>\n<p>L\u2019Assembl\u00e9e G\u00e9n\u00e9rale (AG) est l\u2019instance supr\u00eame de l\u2019organisation. Elle est constitu\u00e9e par l\u2019ensemble des membres actifs.<\/p>\n<p>Le Conseil d\u2019Administration (CA) est dirig\u00e9 par un Pr\u00e9sident. Il \u00e9tudie et valide le plan d\u2019actions de l\u2019association selon les grandes orientations de l\u2019Assembl\u00e9e G\u00e9n\u00e9rale (AG).<\/p>\n<p>Il supervise l\u2019ex\u00e9cution du plan d\u2019actions par le Bureau Ex\u00e9cutif. Le CA est compos\u00e9 de trois (3) \u00e0 sept (7) membres \u00e9lus par l\u2019Assembl\u00e9e G\u00e9n\u00e9rale pour une dur\u00e9e de deux (2) ans<\/p>\n<p>renouvelable \u00e0 condition d\u2019avoir au moins trois (3) ans d\u2019anciennet\u00e9 dans l\u2019association.<\/p>\n<p>Toutefois, en cas exceptionnel des d\u00e9rogations peuvent \u00eatre prises concernant la dur\u00e9e d\u2019anciennet\u00e9.<\/p>\n<p>Le Bureau Ex\u00e9cutif (BE) nomm\u00e9 par le CA, est compos\u00e9 de trois membres : Un directeur ex\u00e9cutif (DE), un tr\u00e9sorier, un secr\u00e9taire. Le Bureau Ex\u00e9cutif s\u2019occupe de la gestion op\u00e9rationnelle de l\u2019organisation et a pour mission d\u2019ex\u00e9cuter le plan d\u2019actions adopt\u00e9 par l\u2019Assembl\u00e9e G\u00e9n\u00e9rale (AG). Il rend compte au CA et \u00e0 l\u2019AG. Il a pour attributions :<\/p>\n<ul>\n<li>de repr\u00e9senter l\u2019organisation devant les institutions nationales et internationales,<\/li>\n<li>de recruter le personnel sur proposition du Directeur Ex\u00e9cutif,<\/li>\n<li>d\u2019\u00e9laborer le projet de budget et d\u2019activit\u00e9s de l\u2019association,<\/li>\n<li>de participer \u00e0 la mobilisation des fonds pour l\u2019association.<\/li>\n<\/ul>\n<div><img fetchpriority=\"high\" decoding=\"async\" class=\"aligncenter wp-image-742 size-full\" src=\"https:\/\/ongiect.org\/wp-content\/uploads\/2025\/02\/AUGUSTIN-FATON-SPORT-2-2-1024x724-1.jpg\" alt=\"gouvernance iect\" width=\"1024\" height=\"724\" srcset=\"https:\/\/ongiect.org\/wp-content\/uploads\/2025\/02\/AUGUSTIN-FATON-SPORT-2-2-1024x724-1.jpg 1024w, https:\/\/ongiect.org\/wp-content\/uploads\/2025\/02\/AUGUSTIN-FATON-SPORT-2-2-1024x724-1-300x212.jpg 300w, https:\/\/ongiect.org\/wp-content\/uploads\/2025\/02\/AUGUSTIN-FATON-SPORT-2-2-1024x724-1-768x543.jpg 768w\" sizes=\"(max-width: 1024px) 100vw, 1024px\" \/><\/div>\n<div><\/div>\n<div>\n<p><strong style=\"font-size: 20px;\">Si\u00e8ge social<\/strong><\/p>\n<p>Le si\u00e8ge social de l\u2019ONG IECT est situ\u00e9 en Afrique de l\u2019Ouest au B\u00e9nin \u00e0 Abomey-Calavi dans la Cit\u00e9 Arconville ( partant du&nbsp; Carrefour&nbsp;&nbsp;&nbsp;&nbsp; \u00bbCarrefour Arconville \u00bb&nbsp; vers l\u2019h\u00f4pital de zone, 4\u00e8me von \u00e0 droite, 9\u00e8me carr\u00e9 \u00e0 gauche ) \u00e0 22 km de Cotonou, la capitale \u00e9conomique du B\u00e9nin.&nbsp; Toute la politique de d\u00e9veloppement de l\u2019institution IECT y est con\u00e7ue avec une jeune \u00e9quipe pluridisciplinaire qui assure sa mise en \u0153uvre efficace. Il abrite les bureaux de l\u2019administration avec un personnel compos\u00e9 de huit (08) membres dont quatre (04) femmes.<\/p>\n<p><img decoding=\"async\" class=\"alignnone wp-image-747 size-full\" src=\"https:\/\/ongiect.org\/wp-content\/uploads\/2025\/02\/AUGUSTIN-FATON-SPORT-2-3.jpg\" alt=\"gouvernance iect2\" width=\"1240\" height=\"877\" srcset=\"https:\/\/ongiect.org\/wp-content\/uploads\/2025\/02\/AUGUSTIN-FATON-SPORT-2-3.jpg 1240w, https:\/\/ongiect.org\/wp-content\/uploads\/2025\/02\/AUGUSTIN-FATON-SPORT-2-3-300x212.jpg 300w, https:\/\/ongiect.org\/wp-content\/uploads\/2025\/02\/AUGUSTIN-FATON-SPORT-2-3-1024x724.jpg 1024w, https:\/\/ongiect.org\/wp-content\/uploads\/2025\/02\/AUGUSTIN-FATON-SPORT-2-3-768x543.jpg 768w\" sizes=\"(max-width: 1240px) 100vw, 1240px\" \/><\/p>\n<\/div>\t\t\t\t\t\t\t\t<\/div>\n\t\t\t\t<\/div>\n\t\t\t\t\t<\/div>\n\t\t\t\t<\/div>\n\t\t<div class=\"elementor-element elementor-element-1ef93655 e-flex e-con-boxed e-con e-parent\" data-id=\"1ef93655\" data-element_type=\"container\" data-e-type=\"container\">\n\t\t\t\t\t<div class=\"e-con-inner\">\n\t\t<div class=\"elementor-element elementor-element-473b28cd e-con-full e-flex e-con e-child\" data-id=\"473b28cd\" data-element_type=\"container\" data-e-type=\"container\">\n\t\t<div class=\"elementor-element elementor-element-710955e2 e-con-full e-transform e-flex e-con e-child\" data-id=\"710955e2\" data-element_type=\"container\" data-e-type=\"container\" data-settings=\"{&quot;background_background&quot;:&quot;classic&quot;,&quot;_transform_scale_effect&quot;:{&quot;unit&quot;:&quot;px&quot;,&quot;size&quot;:1.1,&quot;sizes&quot;:[]},&quot;_transform_scale_effect_tablet&quot;:{&quot;unit&quot;:&quot;px&quot;,&quot;size&quot;:&quot;&quot;,&quot;sizes&quot;:[]},&quot;_transform_scale_effect_mobile&quot;:{&quot;unit&quot;:&quot;px&quot;,&quot;size&quot;:&quot;&quot;,&quot;sizes&quot;:[]}}\">\n\t\t<div class=\"elementor-element elementor-element-69691df2 e-con-full e-flex e-con e-child\" data-id=\"69691df2\" data-element_type=\"container\" data-e-type=\"container\">\n\t\t\t\t<\/div>\n\t\t<div class=\"elementor-element elementor-element-6b11f1c2 e-con-full e-flex e-con e-child\" data-id=\"6b11f1c2\" data-element_type=\"container\" data-e-type=\"container\">\n\t\t\t\t<div class=\"elementor-element elementor-element-3c042b38 elementor-widget__width-initial elementor-widget elementor-widget-text-editor\" data-id=\"3c042b38\" data-element_type=\"widget\" data-e-type=\"widget\" data-widget_type=\"text-editor.default\">\n\t\t\t\t<div class=\"elementor-widget-container\">\n\t\t\t\t\t\t\t\t\t<h6 style=\"color: #fff; font-weight: bold;\">O\u00f9 nous trouvez<\/h6>\n<div style=\"font-family: montserrat;\">Abomey-Calavi, Quartier: Cit\u00e9 Arconville<br>4i\u00e8me von \u00e0 droite en allant vers l&rsquo;hopital de zone<br>R\u00e9publique du b\u00e9nin<br>Mob:(+229) 97792721 \/ 64972546<br>Mail:&nbsp;<span style=\"font-family: montserrat; font-size: 16px; font-style: normal; font-variant-ligatures: normal; font-variant-caps: normal; font-weight: 400;\">info@ongiect.org \/ afaton@ongiect.org<\/span><\/div>\t\t\t\t\t\t\t\t<\/div>\n\t\t\t\t<\/div>\n\t\t\t\t<\/div>\n\t\t<div class=\"elementor-element elementor-element-6d616d2e e-con-full e-flex e-con e-child\" data-id=\"6d616d2e\" data-element_type=\"container\" data-e-type=\"container\">\n\t\t\t\t<\/div>\n\t\t<div class=\"elementor-element elementor-element-2b13bc20 e-con-full e-flex e-con e-child\" data-id=\"2b13bc20\" data-element_type=\"container\" data-e-type=\"container\">\n\t\t\t\t<div class=\"elementor-element elementor-element-6d1caaa elementor-widget elementor-widget-text-editor\" data-id=\"6d1caaa\" data-element_type=\"widget\" data-e-type=\"widget\" data-widget_type=\"text-editor.default\">\n\t\t\t\t<div class=\"elementor-widget-container\">\n\t\t\t\t\t\t\t\t\t<div>\n<h6 style=\"color: #fff;\">Contactez-nous<\/h6>\n<\/div>\t\t\t\t\t\t\t\t<\/div>\n\t\t\t\t<\/div>\n\t\t\t\t<div class=\"elementor-element elementor-element-6d2e18bb e-grid-align-left elementor-shape-rounded elementor-grid-0 elementor-widget elementor-widget-social-icons\" data-id=\"6d2e18bb\" data-element_type=\"widget\" data-e-type=\"widget\" data-widget_type=\"social-icons.default\">\n\t\t\t\t<div class=\"elementor-widget-container\">\n\t\t\t\t\t\t\t<div class=\"elementor-social-icons-wrapper elementor-grid\" role=\"list\">\n\t\t\t\t\t\t\t<span class=\"elementor-grid-item\" role=\"listitem\">\n\t\t\t\t\t<a class=\"elementor-icon elementor-social-icon elementor-social-icon-facebook elementor-repeater-item-0042549\" href=\"https:\/\/www.facebook.com\/bougeong\" target=\"_blank\">\n\t\t\t\t\t\t<span class=\"elementor-screen-only\">Facebook<\/span>\n\t\t\t\t\t\t<svg aria-hidden=\"true\" class=\"e-font-icon-svg e-fab-facebook\" viewBox=\"0 0 512 512\" xmlns=\"http:\/\/www.w3.org\/2000\/svg\"><path d=\"M504 256C504 119 393 8 256 8S8 119 8 256c0 123.78 90.69 226.38 209.25 245V327.69h-63V256h63v-54.64c0-62.15 37-96.48 93.67-96.48 27.14 0 55.52 4.84 55.52 4.84v61h-31.28c-30.8 0-40.41 19.12-40.41 38.73V256h68.78l-11 71.69h-57.78V501C413.31 482.38 504 379.78 504 256z\"><\/path><\/svg>\t\t\t\t\t<\/a>\n\t\t\t\t<\/span>\n\t\t\t\t\t\t\t<span class=\"elementor-grid-item\" role=\"listitem\">\n\t\t\t\t\t<a class=\"elementor-icon elementor-social-icon elementor-social-icon-twitter elementor-repeater-item-e67b945\" href=\"https:\/\/x.com\/OngBouge\" target=\"_blank\">\n\t\t\t\t\t\t<span class=\"elementor-screen-only\">Twitter<\/span>\n\t\t\t\t\t\t<svg aria-hidden=\"true\" class=\"e-font-icon-svg e-fab-twitter\" viewBox=\"0 0 512 512\" xmlns=\"http:\/\/www.w3.org\/2000\/svg\"><path d=\"M459.37 151.716c.325 4.548.325 9.097.325 13.645 0 138.72-105.583 298.558-298.558 298.558-59.452 0-114.68-17.219-161.137-47.106 8.447.974 16.568 1.299 25.34 1.299 49.055 0 94.213-16.568 130.274-44.832-46.132-.975-84.792-31.188-98.112-72.772 6.498.974 12.995 1.624 19.818 1.624 9.421 0 18.843-1.3 27.614-3.573-48.081-9.747-84.143-51.98-84.143-102.985v-1.299c13.969 7.797 30.214 12.67 47.431 13.319-28.264-18.843-46.781-51.005-46.781-87.391 0-19.492 5.197-37.36 14.294-52.954 51.655 63.675 129.3 105.258 216.365 109.807-1.624-7.797-2.599-15.918-2.599-24.04 0-57.828 46.782-104.934 104.934-104.934 30.213 0 57.502 12.67 76.67 33.137 23.715-4.548 46.456-13.32 66.599-25.34-7.798 24.366-24.366 44.833-46.132 57.827 21.117-2.273 41.584-8.122 60.426-16.243-14.292 20.791-32.161 39.308-52.628 54.253z\"><\/path><\/svg>\t\t\t\t\t<\/a>\n\t\t\t\t<\/span>\n\t\t\t\t\t\t\t<span class=\"elementor-grid-item\" role=\"listitem\">\n\t\t\t\t\t<a class=\"elementor-icon elementor-social-icon elementor-social-icon-youtube elementor-repeater-item-c985085\" href=\"https:\/\/www.youtube.com\/@Bouge-ongOrg\" target=\"_blank\">\n\t\t\t\t\t\t<span class=\"elementor-screen-only\">Youtube<\/span>\n\t\t\t\t\t\t<svg aria-hidden=\"true\" class=\"e-font-icon-svg e-fab-youtube\" viewBox=\"0 0 576 512\" xmlns=\"http:\/\/www.w3.org\/2000\/svg\"><path d=\"M549.655 124.083c-6.281-23.65-24.787-42.276-48.284-48.597C458.781 64 288 64 288 64S117.22 64 74.629 75.486c-23.497 6.322-42.003 24.947-48.284 48.597-11.412 42.867-11.412 132.305-11.412 132.305s0 89.438 11.412 132.305c6.281 23.65 24.787 41.5 48.284 47.821C117.22 448 288 448 288 448s170.78 0 213.371-11.486c23.497-6.321 42.003-24.171 48.284-47.821 11.412-42.867 11.412-132.305 11.412-132.305s0-89.438-11.412-132.305zm-317.51 213.508V175.185l142.739 81.205-142.739 81.201z\"><\/path><\/svg>\t\t\t\t\t<\/a>\n\t\t\t\t<\/span>\n\t\t\t\t\t\t\t<span class=\"elementor-grid-item\" role=\"listitem\">\n\t\t\t\t\t<a class=\"elementor-icon elementor-social-icon elementor-social-icon-whatsapp elementor-repeater-item-d074d22\" href=\"https:\/\/wa.me\/+22997792721\" target=\"_blank\">\n\t\t\t\t\t\t<span class=\"elementor-screen-only\">Whatsapp<\/span>\n\t\t\t\t\t\t<svg aria-hidden=\"true\" class=\"e-font-icon-svg e-fab-whatsapp\" viewBox=\"0 0 448 512\" xmlns=\"http:\/\/www.w3.org\/2000\/svg\"><path d=\"M380.9 97.1C339 55.1 283.2 32 223.9 32c-122.4 0-222 99.6-222 222 0 39.1 10.2 77.3 29.6 111L0 480l117.7-30.9c32.4 17.7 68.9 27 106.1 27h.1c122.3 0 224.1-99.6 224.1-222 0-59.3-25.2-115-67.1-157zm-157 341.6c-33.2 0-65.7-8.9-94-25.7l-6.7-4-69.8 18.3L72 359.2l-4.4-7c-18.5-29.4-28.2-63.3-28.2-98.2 0-101.7 82.8-184.5 184.6-184.5 49.3 0 95.6 19.2 130.4 54.1 34.8 34.9 56.2 81.2 56.1 130.5 0 101.8-84.9 184.6-186.6 184.6zm101.2-138.2c-5.5-2.8-32.8-16.2-37.9-18-5.1-1.9-8.8-2.8-12.5 2.8-3.7 5.6-14.3 18-17.6 21.8-3.2 3.7-6.5 4.2-12 1.4-32.6-16.3-54-29.1-75.5-66-5.7-9.8 5.7-9.1 16.3-30.3 1.8-3.7.9-6.9-.5-9.7-1.4-2.8-12.5-30.1-17.1-41.2-4.5-10.8-9.1-9.3-12.5-9.5-3.2-.2-6.9-.2-10.6-.2-3.7 0-9.7 1.4-14.8 6.9-5.1 5.6-19.4 19-19.4 46.3 0 27.3 19.9 53.7 22.6 57.4 2.8 3.7 39.1 59.7 94.8 83.8 35.2 15.2 49 16.5 66.6 13.9 10.7-1.6 32.8-13.4 37.4-26.4 4.6-13 4.6-24.1 3.2-26.4-1.3-2.5-5-3.9-10.5-6.6z\"><\/path><\/svg>\t\t\t\t\t<\/a>\n\t\t\t\t<\/span>\n\t\t\t\t\t<\/div>\n\t\t\t\t\t\t<\/div>\n\t\t\t\t<\/div>\n\t\t\t\t<\/div>\n\t\t\t\t<\/div>\n\t\t\t\t<\/div>\n\t\t\t\t\t<\/div>\n\t\t\t\t<\/div>\n\t\t<div class=\"elementor-element elementor-element-482ce96a e-flex e-con-boxed e-con e-parent\" data-id=\"482ce96a\" data-element_type=\"container\" data-e-type=\"container\">\n\t\t\t\t\t<div class=\"e-con-inner\">\n\t\t<div class=\"elementor-element elementor-element-6d6d0d65 e-transform e-con-full e-flex e-con e-child\" data-id=\"6d6d0d65\" data-element_type=\"container\" data-e-type=\"container\" data-settings=\"{&quot;background_background&quot;:&quot;classic&quot;,&quot;_transform_scale_effect&quot;:{&quot;unit&quot;:&quot;px&quot;,&quot;size&quot;:1.1,&quot;sizes&quot;:[]},&quot;_transform_scale_effect_tablet&quot;:{&quot;unit&quot;:&quot;px&quot;,&quot;size&quot;:&quot;&quot;,&quot;sizes&quot;:[]},&quot;_transform_scale_effect_mobile&quot;:{&quot;unit&quot;:&quot;px&quot;,&quot;size&quot;:&quot;&quot;,&quot;sizes&quot;:[]}}\">\n\t\t\t\t<div class=\"elementor-element elementor-element-797943ae elementor-widget elementor-widget-text-editor\" data-id=\"797943ae\" data-element_type=\"widget\" data-e-type=\"widget\" data-widget_type=\"text-editor.default\">\n\t\t\t\t<div class=\"elementor-widget-container\">\n\t\t\t\t\t\t\t\t\t<p>Copyright \u00a9 2025 <b>ONG IECT<\/b>\u00a0All rights reserved<\/p>\t\t\t\t\t\t\t\t<\/div>\n\t\t\t\t<\/div>\n\t\t\t\t<\/div>\n\t\t\t\t\t<\/div>\n\t\t\t\t<\/div>\n\t\t\t\t<\/div>\n\t\t","protected":false},"excerpt":{"rendered":"<p>&nbsp; ORGANE DE GESTION Trois principaux organes participent \u00e0 la gestion de l\u2019Initiative pour l\u2019Education et le Contr\u00f4le du Tabagisme (IECT). Il s\u2019agit de : L\u2019Assembl\u00e9e G\u00e9n\u00e9rale (AG) Le Conseil d\u2019Administration (CA) Le Bureau Ex\u00e9cutif (BE) L\u2019Assembl\u00e9e G\u00e9n\u00e9rale (AG) est<\/p>\n","protected":false},"author":3,"featured_media":0,"parent":0,"menu_order":0,"comment_status":"closed","ping_status":"closed","template":"","meta":{"footnotes":""},"class_list":["post-735","page","type-page","status-publish","hentry"],"yoast_head":"<!-- This site is optimized with the Yoast SEO plugin v27.5 - https:\/\/yoast.com\/product\/yoast-seo-wordpress\/ -->\n<title>Gouvernance - ONG-IECT<\/title>\n<meta name=\"robots\" content=\"index, follow, max-snippet:-1, max-image-preview:large, max-video-preview:-1\" \/>\n<link rel=\"canonical\" href=\"https:\/\/ongiect.org\/index.php\/gouvernance\/\" \/>\n<meta property=\"og:locale\" content=\"fr_FR\" \/>\n<meta property=\"og:type\" content=\"article\" \/>\n<meta property=\"og:title\" content=\"Gouvernance - ONG-IECT\" \/>\n<meta property=\"og:description\" content=\"&nbsp; ORGANE DE GESTION Trois principaux organes participent \u00e0 la gestion de l\u2019Initiative pour l\u2019Education et le Contr\u00f4le du Tabagisme (IECT). Il s\u2019agit de : L\u2019Assembl\u00e9e G\u00e9n\u00e9rale (AG) Le Conseil d\u2019Administration (CA) Le Bureau Ex\u00e9cutif (BE) L\u2019Assembl\u00e9e G\u00e9n\u00e9rale (AG) est\" \/>\n<meta property=\"og:url\" content=\"https:\/\/ongiect.org\/index.php\/gouvernance\/\" \/>\n<meta property=\"og:site_name\" content=\"ONG-IECT\" \/>\n<meta property=\"article:modified_time\" content=\"2025-04-25T09:44:50+00:00\" \/>\n<meta property=\"og:image\" content=\"https:\/\/ongiect.org\/wp-content\/uploads\/2025\/02\/AUGUSTIN-FATON-SPORT-2-2-1024x724-1.jpg\" \/>\n\t<meta property=\"og:image:width\" content=\"1024\" \/>\n\t<meta property=\"og:image:height\" content=\"724\" \/>\n\t<meta property=\"og:image:type\" content=\"image\/jpeg\" \/>\n<meta name=\"twitter:card\" content=\"summary_large_image\" \/>\n<meta name=\"twitter:label1\" content=\"Dur\u00e9e de lecture estim\u00e9e\" \/>\n\t<meta name=\"twitter:data1\" content=\"3 minutes\" \/>\n<script type=\"application\/ld+json\" class=\"yoast-schema-graph\">{\"@context\":\"https:\\\/\\\/schema.org\",\"@graph\":[{\"@type\":\"WebPage\",\"@id\":\"https:\\\/\\\/ongiect.org\\\/index.php\\\/gouvernance\\\/\",\"url\":\"https:\\\/\\\/ongiect.org\\\/index.php\\\/gouvernance\\\/\",\"name\":\"Gouvernance - ONG-IECT\",\"isPartOf\":{\"@id\":\"https:\\\/\\\/ongiect.org\\\/#website\"},\"primaryImageOfPage\":{\"@id\":\"https:\\\/\\\/ongiect.org\\\/index.php\\\/gouvernance\\\/#primaryimage\"},\"image\":{\"@id\":\"https:\\\/\\\/ongiect.org\\\/index.php\\\/gouvernance\\\/#primaryimage\"},\"thumbnailUrl\":\"https:\\\/\\\/ongiect.org\\\/wp-content\\\/uploads\\\/2025\\\/02\\\/AUGUSTIN-FATON-SPORT-2-2-1024x724-1.jpg\",\"datePublished\":\"2025-02-17T09:13:19+00:00\",\"dateModified\":\"2025-04-25T09:44:50+00:00\",\"breadcrumb\":{\"@id\":\"https:\\\/\\\/ongiect.org\\\/index.php\\\/gouvernance\\\/#breadcrumb\"},\"inLanguage\":\"fr-FR\",\"potentialAction\":[{\"@type\":\"ReadAction\",\"target\":[\"https:\\\/\\\/ongiect.org\\\/index.php\\\/gouvernance\\\/\"]}]},{\"@type\":\"ImageObject\",\"inLanguage\":\"fr-FR\",\"@id\":\"https:\\\/\\\/ongiect.org\\\/index.php\\\/gouvernance\\\/#primaryimage\",\"url\":\"https:\\\/\\\/ongiect.org\\\/wp-content\\\/uploads\\\/2025\\\/02\\\/AUGUSTIN-FATON-SPORT-2-2-1024x724-1.jpg\",\"contentUrl\":\"https:\\\/\\\/ongiect.org\\\/wp-content\\\/uploads\\\/2025\\\/02\\\/AUGUSTIN-FATON-SPORT-2-2-1024x724-1.jpg\",\"width\":1024,\"height\":724,\"caption\":\"gouvernance iect\"},{\"@type\":\"BreadcrumbList\",\"@id\":\"https:\\\/\\\/ongiect.org\\\/index.php\\\/gouvernance\\\/#breadcrumb\",\"itemListElement\":[{\"@type\":\"ListItem\",\"position\":1,\"name\":\"Accueil\",\"item\":\"https:\\\/\\\/ongiect.org\\\/\"},{\"@type\":\"ListItem\",\"position\":2,\"name\":\"Gouvernance\"}]},{\"@type\":\"WebSite\",\"@id\":\"https:\\\/\\\/ongiect.org\\\/#website\",\"url\":\"https:\\\/\\\/ongiect.org\\\/\",\"name\":\"ONG-IECT\",\"description\":\"\",\"publisher\":{\"@id\":\"https:\\\/\\\/ongiect.org\\\/#organization\"},\"potentialAction\":[{\"@type\":\"SearchAction\",\"target\":{\"@type\":\"EntryPoint\",\"urlTemplate\":\"https:\\\/\\\/ongiect.org\\\/?s={search_term_string}\"},\"query-input\":{\"@type\":\"PropertyValueSpecification\",\"valueRequired\":true,\"valueName\":\"search_term_string\"}}],\"inLanguage\":\"fr-FR\"},{\"@type\":\"Organization\",\"@id\":\"https:\\\/\\\/ongiect.org\\\/#organization\",\"name\":\"ONG-IECT\",\"url\":\"https:\\\/\\\/ongiect.org\\\/\",\"logo\":{\"@type\":\"ImageObject\",\"inLanguage\":\"fr-FR\",\"@id\":\"https:\\\/\\\/ongiect.org\\\/#\\\/schema\\\/logo\\\/image\\\/\",\"url\":\"https:\\\/\\\/ongiect.org\\\/wp-content\\\/uploads\\\/2025\\\/01\\\/cropped-ONG-Baniere-LAST-VERSION.png\",\"contentUrl\":\"https:\\\/\\\/ongiect.org\\\/wp-content\\\/uploads\\\/2025\\\/01\\\/cropped-ONG-Baniere-LAST-VERSION.png\",\"width\":938,\"height\":167,\"caption\":\"ONG-IECT\"},\"image\":{\"@id\":\"https:\\\/\\\/ongiect.org\\\/#\\\/schema\\\/logo\\\/image\\\/\"}}]}<\/script>\n<!-- \/ Yoast SEO plugin. -->","yoast_head_json":{"title":"Gouvernance - ONG-IECT","robots":{"index":"index","follow":"follow","max-snippet":"max-snippet:-1","max-image-preview":"max-image-preview:large","max-video-preview":"max-video-preview:-1"},"canonical":"https:\/\/ongiect.org\/index.php\/gouvernance\/","og_locale":"fr_FR","og_type":"article","og_title":"Gouvernance - ONG-IECT","og_description":"&nbsp; ORGANE DE GESTION Trois principaux organes participent \u00e0 la gestion de l\u2019Initiative pour l\u2019Education et le Contr\u00f4le du Tabagisme (IECT). Il s\u2019agit de : L\u2019Assembl\u00e9e G\u00e9n\u00e9rale (AG) Le Conseil d\u2019Administration (CA) Le Bureau Ex\u00e9cutif (BE) L\u2019Assembl\u00e9e G\u00e9n\u00e9rale (AG) est","og_url":"https:\/\/ongiect.org\/index.php\/gouvernance\/","og_site_name":"ONG-IECT","article_modified_time":"2025-04-25T09:44:50+00:00","og_image":[{"width":1024,"height":724,"url":"https:\/\/ongiect.org\/wp-content\/uploads\/2025\/02\/AUGUSTIN-FATON-SPORT-2-2-1024x724-1.jpg","type":"image\/jpeg"}],"twitter_card":"summary_large_image","twitter_misc":{"Dur\u00e9e de lecture estim\u00e9e":"3 minutes"},"schema":{"@context":"https:\/\/schema.org","@graph":[{"@type":"WebPage","@id":"https:\/\/ongiect.org\/index.php\/gouvernance\/","url":"https:\/\/ongiect.org\/index.php\/gouvernance\/","name":"Gouvernance - ONG-IECT","isPartOf":{"@id":"https:\/\/ongiect.org\/#website"},"primaryImageOfPage":{"@id":"https:\/\/ongiect.org\/index.php\/gouvernance\/#primaryimage"},"image":{"@id":"https:\/\/ongiect.org\/index.php\/gouvernance\/#primaryimage"},"thumbnailUrl":"https:\/\/ongiect.org\/wp-content\/uploads\/2025\/02\/AUGUSTIN-FATON-SPORT-2-2-1024x724-1.jpg","datePublished":"2025-02-17T09:13:19+00:00","dateModified":"2025-04-25T09:44:50+00:00","breadcrumb":{"@id":"https:\/\/ongiect.org\/index.php\/gouvernance\/#breadcrumb"},"inLanguage":"fr-FR","potentialAction":[{"@type":"ReadAction","target":["https:\/\/ongiect.org\/index.php\/gouvernance\/"]}]},{"@type":"ImageObject","inLanguage":"fr-FR","@id":"https:\/\/ongiect.org\/index.php\/gouvernance\/#primaryimage","url":"https:\/\/ongiect.org\/wp-content\/uploads\/2025\/02\/AUGUSTIN-FATON-SPORT-2-2-1024x724-1.jpg","contentUrl":"https:\/\/ongiect.org\/wp-content\/uploads\/2025\/02\/AUGUSTIN-FATON-SPORT-2-2-1024x724-1.jpg","width":1024,"height":724,"caption":"gouvernance iect"},{"@type":"BreadcrumbList","@id":"https:\/\/ongiect.org\/index.php\/gouvernance\/#breadcrumb","itemListElement":[{"@type":"ListItem","position":1,"name":"Accueil","item":"https:\/\/ongiect.org\/"},{"@type":"ListItem","position":2,"name":"Gouvernance"}]},{"@type":"WebSite","@id":"https:\/\/ongiect.org\/#website","url":"https:\/\/ongiect.org\/","name":"ONG-IECT","description":"","publisher":{"@id":"https:\/\/ongiect.org\/#organization"},"potentialAction":[{"@type":"SearchAction","target":{"@type":"EntryPoint","urlTemplate":"https:\/\/ongiect.org\/?s={search_term_string}"},"query-input":{"@type":"PropertyValueSpecification","valueRequired":true,"valueName":"search_term_string"}}],"inLanguage":"fr-FR"},{"@type":"Organization","@id":"https:\/\/ongiect.org\/#organization","name":"ONG-IECT","url":"https:\/\/ongiect.org\/","logo":{"@type":"ImageObject","inLanguage":"fr-FR","@id":"https:\/\/ongiect.org\/#\/schema\/logo\/image\/","url":"https:\/\/ongiect.org\/wp-content\/uploads\/2025\/01\/cropped-ONG-Baniere-LAST-VERSION.png","contentUrl":"https:\/\/ongiect.org\/wp-content\/uploads\/2025\/01\/cropped-ONG-Baniere-LAST-VERSION.png","width":938,"height":167,"caption":"ONG-IECT"},"image":{"@id":"https:\/\/ongiect.org\/#\/schema\/logo\/image\/"}}]}},"_links":{"self":[{"href":"https:\/\/ongiect.org\/index.php\/wp-json\/wp\/v2\/pages\/735","targetHints":{"allow":["GET"]}}],"collection":[{"href":"https:\/\/ongiect.org\/index.php\/wp-json\/wp\/v2\/pages"}],"about":[{"href":"https:\/\/ongiect.org\/index.php\/wp-json\/wp\/v2\/types\/page"}],"author":[{"embeddable":true,"href":"https:\/\/ongiect.org\/index.php\/wp-json\/wp\/v2\/users\/3"}],"replies":[{"embeddable":true,"href":"https:\/\/ongiect.org\/index.php\/wp-json\/wp\/v2\/comments?post=735"}],"version-history":[{"count":31,"href":"https:\/\/ongiect.org\/index.php\/wp-json\/wp\/v2\/pages\/735\/revisions"}],"predecessor-version":[{"id":987,"href":"https:\/\/ongiect.org\/index.php\/wp-json\/wp\/v2\/pages\/735\/revisions\/987"}],"wp:attachment":[{"href":"https:\/\/ongiect.org\/index.php\/wp-json\/wp\/v2\/media?parent=735"}],"curies":[{"name":"wp","href":"https:\/\/api.w.org\/{rel}","templated":true}]}}